{"id":16,"date":"2013-09-24T15:18:52","date_gmt":"2013-09-24T13:18:52","guid":{"rendered":"https:\/\/www.openrad.org\/?page_id=16"},"modified":"2013-09-24T15:18:52","modified_gmt":"2013-09-24T13:18:52","slug":"filosofia-del-gruppo","status":"publish","type":"page","link":"https:\/\/www.openrad.org\/?page_id=16","title":{"rendered":"Filosofia del gruppo"},"content":{"rendered":"<p>Presso l&#8217;OpenRAD Group regna la filosofia del pensiero laterale, i membri fondatori utilizzano le seguenti piccole regole per ogni loro attivit\u00e0:<\/p>\n<p>La filosofia del pensiero laterale, ribattezzata dai fondatori in &#8220;<b>pensare quadrimensionalmente<\/b>&#8220;.<\/p>\n<table id=\"tindent\" width=\"100%\">\n<tbody>\n<tr>\n<td><b>Think&#8230; :<\/b><\/td>\n<td>Vedi sempre le cose sotto un aspetto diverso. (Esiste sempre una soluzione migliore o differente al problema)<\/td>\n<\/tr>\n<tr>\n<td><b>Make it run:<\/b><\/td>\n<td>Fai si che il tuo materiale funzioni. (Fallo andare)<\/td>\n<\/tr>\n<tr>\n<td><b>Make if fast:<\/b><\/td>\n<td>Migliora sempre ci\u00f2 che hai fatto. (Fino a quando \u00e8 possibile migliorare fallo)<\/td>\n<\/tr>\n<tr>\n<td><b>Make it beautiful:<\/b><\/td>\n<td>Rendi utilizzabile a chiunque ci\u00f2 che fai. (Non tutti sono degli appassionati come te)<\/td>\n<\/tr>\n<tr>\n<td><b>Make it easy:<\/b><\/td>\n<td>Deve essere il pi\u00f9 chiaro e semplice possibile. (Se vuoi che la gente utilizzi il tuo materiale dovr\u00e0 essere semplice)<\/td>\n<\/tr>\n<\/tbody>\n<\/table>\n<p>Utilizzando questo modo di fare anche il problema pi\u00f9 serio potr\u00e0 essere risolto in modo semplice e chiaro.<br \/>\nCon il tempo questo modo di pensare vi render\u00e0 la vita molto pi\u00f9 semplice, le cose se viste sotto angolazioni differenti possono essere sempre risolte, ecco anche perch\u00e9 \u00e8 sempre importante lavorare in gruppi affiatati, non esistono due persone che vedano una cosa nel medesimo modo.<br \/>\nSi imparer\u00e0 che se scomposto in piccole e semplici soluzioni, anche il problema pi\u00f9 grande si risolver\u00e0 in modo sicuro, non solo ma pi\u00f9 la soluzione \u00e8 semplice e pi\u00f9 il sistema ottenuto risulter\u00e0 stabile.<br \/>\nSperiamo che queste semplice regole le vogliate applicare anche alle normali attivit\u00e0 di tutti i giorni, e con il tempo questo modo di pensare diverr\u00e0 cos\u00ec spontaneo che senza rendervene conto le soluzioni ai problemi arriveranno quasi in modo automatico, l&#8217;idea di base \u00e8 far capire che se si utilizza la testa e ci si concentra quando si tenta di fare qualcosa il risultato sar\u00e0 sempre migliore.<\/p>\n","protected":false},"excerpt":{"rendered":"<p>Presso l&#8217;OpenRAD Group regna la filosofia del pensiero laterale, i membri fondatori utilizzano le seguenti piccole regole per ogni loro attivit\u00e0: La filosofia del pensiero laterale, ribattezzata dai fondatori in &#8220;pensare quadrimensionalmente&#8220;. Think&#8230; : Vedi sempre le cose sotto un aspetto diverso. (Esiste sempre una soluzione migliore o differente al problema) Make it run: Fai &hellip; <a href=\"https:\/\/www.openrad.org\/?page_id=16\" class=\"more-link\">Continua la lettura di <span class=\"screen-reader-text\">Filosofia del gruppo<\/span> <span class=\"meta-nav\">&rarr;<\/span><\/a><\/p>\n","protected":false},"author":1,"featured_media":0,"parent":0,"menu_order":0,"comment_status":"open","ping_status":"open","template":"","meta":{"footnotes":""},"class_list":["post-16","page","type-page","status-publish","hentry"],"_links":{"self":[{"href":"https:\/\/www.openrad.org\/index.php?rest_route=\/wp\/v2\/pages\/16"}],"collection":[{"href":"https:\/\/www.openrad.org\/index.php?rest_route=\/wp\/v2\/pages"}],"about":[{"href":"https:\/\/www.openrad.org\/index.php?rest_route=\/wp\/v2\/types\/page"}],"author":[{"embeddable":true,"href":"https:\/\/www.openrad.org\/index.php?rest_route=\/wp\/v2\/users\/1"}],"replies":[{"embeddable":true,"href":"https:\/\/www.openrad.org\/index.php?rest_route=%2Fwp%2Fv2%2Fcomments&post=16"}],"version-history":[{"count":0,"href":"https:\/\/www.openrad.org\/index.php?rest_route=\/wp\/v2\/pages\/16\/revisions"}],"wp:attachment":[{"href":"https:\/\/www.openrad.org\/index.php?rest_route=%2Fwp%2Fv2%2Fmedia&parent=16"}],"curies":[{"name":"wp","href":"https:\/\/api.w.org\/{rel}","templated":true}]}}